{"id":1374,"date":"2023-02-17T09:44:41","date_gmt":"2023-02-17T09:44:41","guid":{"rendered":"https:\/\/uit2024.dmilab.nl\/?page_id=1374"},"modified":"2026-04-13T09:12:44","modified_gmt":"2026-04-13T07:12:44","slug":"safety","status":"publish","type":"page","link":"https:\/\/utrechtseintroductietijd.nl\/en\/veiligheid\/","title":{"rendered":"Safe UIT"},"content":{"rendered":"<div data-elementor-type=\"wp-page\" data-elementor-id=\"1374\" class=\"elementor elementor-1374\" data-elementor-post-type=\"page\">\n\t\t\t\t<div class=\"elementor-element elementor-element-8798b94 e-flex e-con-boxed e-con e-parent\" data-id=\"8798b94\" data-element_type=\"container\" data-e-type=\"container\">\n\t\t\t\t\t<div class=\"e-con-inner\">\n\t\t\t\t<div class=\"elementor-element elementor-element-aad63b7 elementor-widget elementor-widget-text-editor\" data-id=\"aad63b7\" data-element_type=\"widget\" data-e-type=\"widget\" data-widget_type=\"text-editor.default\">\n\t\t\t\t\t\t\t\t\t<p>At the UIT, it is important to us that everyone has a good time. You meet new people with whom you can have a drink, dance, flirt and become friends or more. Super fun of course, but your safety comes first!<\/p>\t\t\t\t\t\t\t\t<\/div>\n\t\t\t\t<div class=\"elementor-element elementor-element-98d477e e-n-tabs-none elementor-widget elementor-widget-n-tabs\" data-id=\"98d477e\" data-element_type=\"widget\" data-e-type=\"widget\" data-settings=\"{&quot;tabs_justify_horizontal&quot;:&quot;stretch&quot;,&quot;horizontal_scroll_mobile&quot;:&quot;disable&quot;,&quot;horizontal_scroll&quot;:&quot;disable&quot;}\" data-widget_type=\"nested-tabs.default\">\n\t\t\t\t\t\t\t<div class=\"e-n-tabs\" data-widget-number=\"160253822\" aria-label=\"Tabs. Open items with enter or space, exit with escape and navigate with the arrow keys.\">\n\t\t\t<div class=\"e-n-tabs-heading\" role=\"tablist\">\n\t\t\t\t\t<button id=\"e-n-tab-title-1602538221\" data-tab-title-id=\"e-n-tab-title-1602538221\" class=\"e-n-tab-title\" aria-selected=\"true\" data-tab-index=\"1\" role=\"tab\" tabindex=\"0\" aria-controls=\"e-n-tab-content-1602538221\" style=\"--n-tabs-title-order: 1;\">\n\t\t\t\t\t\t<span class=\"e-n-tab-title-text\">\n\t\t\t\tAre you okay?\t\t\t<\/span>\n\t\t<\/button>\n\t\t\t\t<button id=\"e-n-tab-title-1602538222\" data-tab-title-id=\"e-n-tab-title-1602538222\" class=\"e-n-tab-title\" aria-selected=\"false\" data-tab-index=\"2\" role=\"tab\" tabindex=\"-1\" aria-controls=\"e-n-tab-content-1602538222\" style=\"--n-tabs-title-order: 2;\">\n\t\t\t\t\t\t<span class=\"e-n-tab-title-text\">\n\t\t\t\tSafe UIT tips\t\t\t<\/span>\n\t\t<\/button>\n\t\t\t\t<button id=\"e-n-tab-title-1602538223\" data-tab-title-id=\"e-n-tab-title-1602538223\" class=\"e-n-tab-title\" aria-selected=\"false\" data-tab-index=\"3\" role=\"tab\" tabindex=\"-1\" aria-controls=\"e-n-tab-content-1602538223\" style=\"--n-tabs-title-order: 3;\">\n\t\t\t\t\t\t<span class=\"e-n-tab-title-text\">\n\t\t\t\tTrustee\t\t\t<\/span>\n\t\t<\/button>\n\t\t\t\t\t<\/div>\n\t\t\t<div class=\"e-n-tabs-content\">\n\t\t\t\t<div id=\"e-n-tab-content-1602538221\" role=\"tabpanel\" aria-labelledby=\"e-n-tab-title-1602538221\" data-tab-index=\"1\" style=\"--n-tabs-title-order: 1;\" class=\"e-active elementor-element elementor-element-24ec813 e-con-full e-grid e-con e-child\" data-id=\"24ec813\" data-element_type=\"container\" data-e-type=\"container\">\n\t\t\t\t<div class=\"elementor-element elementor-element-fa662d5 elementor-widget elementor-widget-text-editor\" data-id=\"fa662d5\" data-element_type=\"widget\" data-e-type=\"widget\" data-widget_type=\"text-editor.default\">\n\t\t\t\t\t\t\t\t\t<p>At the UIT, it is important to us that everyone has a good time. You meet new people with whom you have drinks, dance, flirt and become friends or more.<\/p><p>Everyone has different desires as well as boundaries and that's totally okay! Where one likes to kiss <br \/>with a stranger, another thinks that's going too far. Therefore, keep each other in mind a little <br \/>gaps. Do you think someone is uncomfortable or see unwanted sexual behavior? <br \/>Help the one it happens to by asking, \u201dAre you okay?\u201d Also, you can use \u201dAre you okay?\u201d<br \/>Checking each other's desires and boundaries when flirting or dating.<\/p><p>That way, together, we'll make sure everyone has a good time! How do you actually flirt? Check <strong><a href=\"http:\/\/www.benjeoke.nl\" target=\"_blank\" rel=\"noopener\">www.benjeoke.nl<\/a><\/strong><\/p>\t\t\t\t\t\t\t\t<\/div>\n\t\t\t\t<div class=\"elementor-element elementor-element-1d79042 elementor-widget elementor-widget-image\" data-id=\"1d79042\" data-element_type=\"widget\" data-e-type=\"widget\" data-widget_type=\"image.default\">\n\t\t\t\t\t\t\t\t\t\t\t\t\t\t\t<img fetchpriority=\"high\" decoding=\"async\" width=\"1024\" height=\"1024\" src=\"https:\/\/utrechtseintroductietijd.nl\/wp-content\/uploads\/2024\/08\/BJO-feed-Omstanders-NL-1024x1024.png\" class=\"attachment-large size-large wp-image-7649\" alt=\"\" srcset=\"https:\/\/utrechtseintroductietijd.nl\/wp-content\/uploads\/2024\/08\/BJO-feed-Omstanders-NL-1024x1024.png 1024w, https:\/\/utrechtseintroductietijd.nl\/wp-content\/uploads\/2024\/08\/BJO-feed-Omstanders-NL-300x300.png 300w, https:\/\/utrechtseintroductietijd.nl\/wp-content\/uploads\/2024\/08\/BJO-feed-Omstanders-NL-150x150.png 150w, https:\/\/utrechtseintroductietijd.nl\/wp-content\/uploads\/2024\/08\/BJO-feed-Omstanders-NL-768x768.png 768w, https:\/\/utrechtseintroductietijd.nl\/wp-content\/uploads\/2024\/08\/BJO-feed-Omstanders-NL-100x100.png 100w, https:\/\/utrechtseintroductietijd.nl\/wp-content\/uploads\/2024\/08\/BJO-feed-Omstanders-NL-24x24.png 24w, https:\/\/utrechtseintroductietijd.nl\/wp-content\/uploads\/2024\/08\/BJO-feed-Omstanders-NL-36x36.png 36w, https:\/\/utrechtseintroductietijd.nl\/wp-content\/uploads\/2024\/08\/BJO-feed-Omstanders-NL-48x48.png 48w, https:\/\/utrechtseintroductietijd.nl\/wp-content\/uploads\/2024\/08\/BJO-feed-Omstanders-NL.png 1080w\" sizes=\"(max-width: 1024px) 100vw, 1024px\" \/>\t\t\t\t\t\t\t\t\t\t\t\t\t\t\t<\/div>\n\t\t\t\t<\/div>\n\t\t<div id=\"e-n-tab-content-1602538222\" role=\"tabpanel\" aria-labelledby=\"e-n-tab-title-1602538222\" data-tab-index=\"2\" style=\"--n-tabs-title-order: 2;\" class=\"elementor-element elementor-element-77220cb e-con-full e-grid e-con e-child\" data-id=\"77220cb\" data-element_type=\"container\" data-e-type=\"container\">\n\t\t\t\t<div class=\"elementor-element elementor-element-f84518c elementor-widget elementor-widget-text-editor\" data-id=\"f84518c\" data-element_type=\"widget\" data-e-type=\"widget\" data-widget_type=\"text-editor.default\">\n\t\t\t\t\t\t\t\t\t<div><strong>Four tips for everyone to ensure a safe UIT!<\/strong><\/div><ol><li>Treat others respectfully. Listen to differing diverse opinions of others and respect boundaries;<\/li><li>Ask open (check) questions to find out from the other person if you are on the desired track;<\/li><li>Address others about undesirable behavior (from your observation) and check that and respond maturely when you are addressed;<\/li><li>Don't look away in an \u2018awkward moment,\u2019 but take action, for example, toward the victim or the person doing the unwanted behavior.\u00a0\u00a0<\/li><\/ol>\t\t\t\t\t\t\t\t<\/div>\n\t\t\t\t<div class=\"elementor-element elementor-element-9b748c3 elementor-widget elementor-widget-image\" data-id=\"9b748c3\" data-element_type=\"widget\" data-e-type=\"widget\" data-widget_type=\"image.default\">\n\t\t\t\t\t\t\t\t\t\t\t\t\t\t\t<img decoding=\"async\" width=\"1024\" height=\"1024\" src=\"https:\/\/utrechtseintroductietijd.nl\/wp-content\/uploads\/2024\/08\/BJO-feed-Consent-NL-1024x1024.png\" class=\"attachment-large size-large wp-image-7647\" alt=\"\" srcset=\"https:\/\/utrechtseintroductietijd.nl\/wp-content\/uploads\/2024\/08\/BJO-feed-Consent-NL-1024x1024.png 1024w, https:\/\/utrechtseintroductietijd.nl\/wp-content\/uploads\/2024\/08\/BJO-feed-Consent-NL-300x300.png 300w, https:\/\/utrechtseintroductietijd.nl\/wp-content\/uploads\/2024\/08\/BJO-feed-Consent-NL-150x150.png 150w, https:\/\/utrechtseintroductietijd.nl\/wp-content\/uploads\/2024\/08\/BJO-feed-Consent-NL-768x768.png 768w, https:\/\/utrechtseintroductietijd.nl\/wp-content\/uploads\/2024\/08\/BJO-feed-Consent-NL-100x100.png 100w, https:\/\/utrechtseintroductietijd.nl\/wp-content\/uploads\/2024\/08\/BJO-feed-Consent-NL-24x24.png 24w, https:\/\/utrechtseintroductietijd.nl\/wp-content\/uploads\/2024\/08\/BJO-feed-Consent-NL-36x36.png 36w, https:\/\/utrechtseintroductietijd.nl\/wp-content\/uploads\/2024\/08\/BJO-feed-Consent-NL-48x48.png 48w, https:\/\/utrechtseintroductietijd.nl\/wp-content\/uploads\/2024\/08\/BJO-feed-Consent-NL.png 1080w\" sizes=\"(max-width: 1024px) 100vw, 1024px\" \/>\t\t\t\t\t\t\t\t\t\t\t\t\t\t\t<\/div>\n\t\t\t\t<\/div>\n\t\t<div id=\"e-n-tab-content-1602538223\" role=\"tabpanel\" aria-labelledby=\"e-n-tab-title-1602538223\" data-tab-index=\"3\" style=\"--n-tabs-title-order: 3;\" class=\"elementor-element elementor-element-a8eb202 e-con-full e-grid e-con e-child\" data-id=\"a8eb202\" data-element_type=\"container\" data-e-type=\"container\">\n\t\t\t\t<div class=\"elementor-element elementor-element-0e6233e elementor-widget elementor-widget-text-editor\" data-id=\"0e6233e\" data-element_type=\"widget\" data-e-type=\"widget\" data-widget_type=\"text-editor.default\">\n\t\t\t\t\t\t\t\t\t<p>If you encounter, or witness, inappropriate behavior during the UIT, please contact the external confidential advisor.<\/p><p>Here you can tell your story and you can be advised or assisted in taking the next steps. You remain anonymous and remain in charge. Undesirable behavior includes bullying, sexual harassment, discrimination, aggression and violence.<\/p><p>When may you contact the confidant? You are always welcome to seek advice, no matter how big or small your question or problem. Check the flow chart below to see what else you can do to address undesirable behavior.<\/p><p>Once the external confidential contact person for the UIT 2026 is known, you will find all contact information here.<\/p><p><strong><a href=\"https:\/\/utrechtseintroductietijd.nl\/wp-content\/uploads\/2025\/08\/Ongewenst-gedrag.pdf\" target=\"_blank\" rel=\"noopener\">Click here for the flow chart!<\/a><\/strong><\/p>\t\t\t\t\t\t\t\t<\/div>\n\t\t\t\t<div class=\"elementor-element elementor-element-015e7cc elementor-hidden-desktop elementor-hidden-tablet elementor-hidden-mobile elementor-widget elementor-widget-image\" data-id=\"015e7cc\" data-element_type=\"widget\" data-e-type=\"widget\" data-widget_type=\"image.default\">\n\t\t\t\t\t\t\t\t\t\t\t\t\t\t\t<img decoding=\"async\" width=\"683\" height=\"1024\" src=\"https:\/\/utrechtseintroductietijd.nl\/wp-content\/uploads\/2025\/08\/Afbeelding-VP-1-683x1024.jpg\" class=\"attachment-large size-large wp-image-8986\" alt=\"\" srcset=\"https:\/\/utrechtseintroductietijd.nl\/wp-content\/uploads\/2025\/08\/Afbeelding-VP-1-683x1024.jpg 683w, https:\/\/utrechtseintroductietijd.nl\/wp-content\/uploads\/2025\/08\/Afbeelding-VP-1-200x300.jpg 200w, https:\/\/utrechtseintroductietijd.nl\/wp-content\/uploads\/2025\/08\/Afbeelding-VP-1-768x1152.jpg 768w, https:\/\/utrechtseintroductietijd.nl\/wp-content\/uploads\/2025\/08\/Afbeelding-VP-1-1024x1536.jpg 1024w, https:\/\/utrechtseintroductietijd.nl\/wp-content\/uploads\/2025\/08\/Afbeelding-VP-1-1365x2048.jpg 1365w, https:\/\/utrechtseintroductietijd.nl\/wp-content\/uploads\/2025\/08\/Afbeelding-VP-1-100x150.jpg 100w, https:\/\/utrechtseintroductietijd.nl\/wp-content\/uploads\/2025\/08\/Afbeelding-VP-1-1200x1800.jpg 1200w, https:\/\/utrechtseintroductietijd.nl\/wp-content\/uploads\/2025\/08\/Afbeelding-VP-1-16x24.jpg 16w, https:\/\/utrechtseintroductietijd.nl\/wp-content\/uploads\/2025\/08\/Afbeelding-VP-1-24x36.jpg 24w, https:\/\/utrechtseintroductietijd.nl\/wp-content\/uploads\/2025\/08\/Afbeelding-VP-1-32x48.jpg 32w, https:\/\/utrechtseintroductietijd.nl\/wp-content\/uploads\/2025\/08\/Afbeelding-VP-1-scaled.jpg 1707w\" sizes=\"(max-width: 683px) 100vw, 683px\" \/>\t\t\t\t\t\t\t\t\t\t\t\t\t\t\t<\/div>\n\t\t\t\t<\/div>\n\t\t\t\t\t<\/div>\n\t\t<\/div>\n\t\t\t\t\t\t<\/div>\n\t\t\t\t\t<\/div>\n\t\t\t\t<\/div>\n\t\t\t\t<\/div>","protected":false},"excerpt":{"rendered":"<p>Bij de UIT vinden we het belangrijk dat iedereen een leuke tijd heeft. Je ontmoet nieuwe mensen met wie je een drankje doet, danst, flirt \u00e9n vrienden wordt of meer. Super leuk natuurlijk, maar jouw veiligheid staat w\u00e9l voorop! Ben je ok\u00e9? Veilig UIT tips Vertrouwenspersoon Bij de UIT vinden we het belangrijk dat iedereen [&hellip;]<\/p>\n","protected":false},"author":10,"featured_media":0,"parent":0,"menu_order":0,"comment_status":"closed","ping_status":"closed","template":"","meta":{"_acf_changed":false,"footnotes":""},"class_list":["post-1374","page","type-page","status-publish","hentry"],"acf":[],"_links":{"self":[{"href":"https:\/\/utrechtseintroductietijd.nl\/en\/wp-json\/wp\/v2\/pages\/1374","targetHints":{"allow":["GET"]}}],"collection":[{"href":"https:\/\/utrechtseintroductietijd.nl\/en\/wp-json\/wp\/v2\/pages"}],"about":[{"href":"https:\/\/utrechtseintroductietijd.nl\/en\/wp-json\/wp\/v2\/types\/page"}],"author":[{"embeddable":true,"href":"https:\/\/utrechtseintroductietijd.nl\/en\/wp-json\/wp\/v2\/users\/10"}],"replies":[{"embeddable":true,"href":"https:\/\/utrechtseintroductietijd.nl\/en\/wp-json\/wp\/v2\/comments?post=1374"}],"version-history":[{"count":15,"href":"https:\/\/utrechtseintroductietijd.nl\/en\/wp-json\/wp\/v2\/pages\/1374\/revisions"}],"predecessor-version":[{"id":10949,"href":"https:\/\/utrechtseintroductietijd.nl\/en\/wp-json\/wp\/v2\/pages\/1374\/revisions\/10949"}],"wp:attachment":[{"href":"https:\/\/utrechtseintroductietijd.nl\/en\/wp-json\/wp\/v2\/media?parent=1374"}],"curies":[{"name":"wp","href":"https:\/\/api.w.org\/{rel}","templated":true}]}}