{"id":8425,"date":"2025-04-08T09:26:18","date_gmt":"2025-04-08T09:26:18","guid":{"rendered":"https:\/\/utrechtseintroductietijd.nl\/?page_id=8425"},"modified":"2026-04-09T13:42:02","modified_gmt":"2026-04-09T11:42:02","slug":"cbc","status":"publish","type":"page","link":"https:\/\/utrechtseintroductietijd.nl\/en\/crew\/cbc\/","title":{"rendered":"CBC"},"content":{"rendered":"<div data-elementor-type=\"wp-page\" data-elementor-id=\"8425\" class=\"elementor elementor-8425\" data-elementor-post-type=\"page\">\n\t\t\t\t<div class=\"elementor-element elementor-element-11e179a e-flex e-con-boxed e-con e-child\" data-id=\"11e179a\" data-element_type=\"container\" data-e-type=\"container\">\n\t\t\t\t\t<div class=\"e-con-inner\">\n\t\t\t\t<div class=\"elementor-element elementor-element-618900b elementor-view-default elementor-widget elementor-widget-icon\" data-id=\"618900b\" data-element_type=\"widget\" data-e-type=\"widget\" data-widget_type=\"icon.default\">\n\t\t\t\t\t\t\t<div class=\"elementor-icon-wrapper\">\n\t\t\t<div class=\"elementor-icon\">\n\t\t\t<svg xmlns=\"http:\/\/www.w3.org\/2000\/svg\" width=\"1000\" height=\"1000\" viewbox=\"0 0 1000 1000\"><rect width=\"1000\" height=\"1000\" style=\"fill: #009fe3;\"><\/rect><g id=\"BGD_Frame\" data-name=\"BGD Frame\"><path d=\"M975,25v950H25V25h950M1000,0H0v1000h1000V0h0Z\" style=\"fill: #fff;\"><\/path><\/g><g id=\"CBC\"><g><polygon points=\"292.25 776.39 172.13 824.6 208.38 736.21 292.25 776.39\" style=\"fill: none; stroke: #fff; stroke-linecap: round; stroke-linejoin: round; stroke-width: 25px;\"><\/polygon><polygon points=\"408.3 729.81 292.27 776.39 292.25 776.39 208.38 736.21 242.82 652.24 408.3 729.81\" style=\"fill: none; stroke: #fff; stroke-linecap: round; stroke-linejoin: round; stroke-width: 25px;\"><\/polygon><polygon points=\"519.77 685.07 408.31 729.81 408.3 729.81 242.82 652.24 275.3 573.03 519.77 685.07\" style=\"fill: none; stroke: #fff; stroke-linecap: round; stroke-linejoin: round; stroke-width: 25px;\"><\/polygon><path d=\"M581.3,648.56c0,6.83-4.03,13.44-10.96,16.21l-50.57,20.3h-.01l-244.47-112.04,33.7-82.16,242.21,109.16c9.48,12.7,18.58,25.72,27.25,39.02,1.94,2.96,2.85,6.27,2.85,9.51Z\" style=\"fill: none; stroke: #fff; stroke-linecap: round; stroke-linejoin: round; stroke-width: 25px;\"><\/path><path d=\"M551.21,600.04l-242.21-109.16,27.02-65.87c3.83-9.33,15.4-12.58,23.53-6.61l33.49,24.61c60.28,44.28,113.57,97.23,158.18,157.04Z\" style=\"fill: none; stroke: #fff; stroke-linecap: round; stroke-linejoin: round; stroke-width: 25px;\"><\/path><g><path d=\"M486.49,226.52c0,12.63-6.09,23.83-15.48,30.84-6.41,4.78-14.36,7.61-22.97,7.61-21.23,0-38.45-17.22-38.45-38.45s17.22-38.46,38.45-38.46,38.46,17.22,38.46,38.46Z\" style=\"fill: none; stroke: #fff; stroke-linecap: round; stroke-linejoin: round; stroke-width: 25px;\"><\/path><path d=\"M448.04,343.74s31.73-39.55,22.97-86.39\" style=\"fill: none; stroke: #fff; stroke-linecap: round; stroke-linejoin: round; stroke-width: 25px;\"><\/path><\/g><g><path d=\"M810.48,547c0,19.48-15.79,35.27-35.26,35.27s-35.27-15.79-35.27-35.27c0-7.89,2.59-15.19,6.98-21.06,6.43-8.62,16.71-14.2,28.29-14.2,19.47,0,35.26,15.79,35.26,35.26Z\" style=\"fill: none; stroke: #fff; stroke-linecap: round; stroke-linejoin: round; stroke-width: 25px;\"><\/path><path d=\"M667.7,547s36.27-29.1,79.23-21.07\" style=\"fill: none; stroke: #fff; stroke-linecap: round; stroke-linejoin: round; stroke-width: 25px;\"><\/path><\/g><path d=\"M815.98,360.39l-70.95-5.44c-5.23-.4-10.22,2.29-12.75,6.9l-34.26,62.37c-4.85,8.82-18.01,7.08-20.39-2.71l-16.75-69.16c-.65-2.66-2.07-5.01-4.02-6.76-1.79-1.63-4.02-2.77-6.48-3.24l-69.9-13.31c-9.9-1.88-12.3-14.94-3.72-20.23l60.59-37.3c4.48-2.75,6.92-7.86,6.26-13.08l-8.94-70.59c-1.27-9.99,10.42-16.32,18.1-9.78l54.2,46.09c4,3.4,9.61,4.16,14.37,1.92l64.37-30.32c9.11-4.29,18.74,4.86,14.9,14.17l-27.09,65.8c-2,4.85-.97,10.42,2.62,14.26l48.73,51.85c6.9,7.33,1.16,19.32-8.88,18.55Z\" style=\"fill: none; stroke: #fff; stroke-linecap: round; stroke-linejoin: round; stroke-width: 25px;\"><\/path><line x1=\"542.73\" y1=\"457.26\" x2=\"656.86\" y2=\"345.6\" style=\"fill: none; stroke: #fff; stroke-linecap: round; stroke-linejoin: round; stroke-width: 25px;\"><\/line><line x1=\"275.3\" y1=\"573.03\" x2=\"273.84\" y2=\"572.36\" style=\"fill: none; stroke: #fff; stroke-linecap: round; stroke-linejoin: round; stroke-width: 25px;\"><\/line><\/g><\/g><\/svg>\t\t\t<\/div>\n\t\t<\/div>\n\t\t\t\t\t\t<\/div>\n\t\t\t\t<div class=\"elementor-element elementor-element-3e13334 random-links elementor-widget elementor-widget-text-editor\" data-id=\"3e13334\" data-element_type=\"widget\" data-e-type=\"widget\" data-widget_type=\"text-editor.default\">\n\t\t\t\t\t\t\t\t\t<p><span data-teams=\"true\">The CBC is the Crew Bonding Committee and as the name gives away, the CBC ensures that the volunteers of the UIT (the crew) get to know each other before, during and n<\/span>\u00e1 <span data-teams=\"true\">the UIT. <\/span><\/p><p><span data-teams=\"true\">For example, we organize games during Crew Day, where all the volunteers get to know each other, as well as get together after each UIT day in our regular pub to make new friends and dance! After the UIT, as a closing activity in September, all crew members go boating, allowing everyone to reminisce about this year's UIT!\u00a0<\/span><span data-teams=\"true\">So, as a CBC member, you are committed to getting all the crew members to cozy up with each other so that in addition to the UIT runners, we have a fun UIT ourselves as volunteers! <\/span><\/p><p><span data-teams=\"true\">Have you become excited and would you like to be part of CBC next year? Then email your CV and a motivation to: <strong><a id=\"menur3ub\" class=\"fui-Link ___1q1shib f2hkw1w f3rmtva f1ewtqcl fyind8e f1k6fduh f1w7gpdv fk6fouc fjoy568 figsok6 f1s184ao f1mk8lai fnbmjn9 f1o700av f13mvf36 f1cmlufx f9n3di6 f1ids18y f1tx3yz7 f1deo86v f1eh06m1 f1iescvh fhgqx19 f1olyrje f1p93eir f1nev41a f1h8hb77 f1lqvz6u f10aw75t fsle3fq f17ae5zn\" title=\"mailto:crewborrelcommissie@gmail.com\" href=\"mailto:crewborrelcommissie@gmail.com\" target=\"_blank\" rel=\"noreferrer noopener\" aria-label=\"Link crewborrelcommissie@gmail.com\">crewborrelcommissie@gmail.com<\/a><\/strong><\/span><\/p>\t\t\t\t\t\t\t\t<\/div>\n\t\t\t\t\t<\/div>\n\t\t\t\t<\/div>\n\t\t\t\t<\/div>","protected":false},"excerpt":{"rendered":"<p>De CBC is de Crew Bonding Comissie en zoals de naam al weggeeft, zorgt het CBC er voor dat de vrijwilligers van de UIT (de crew) elkaar leren kennen v\u00f3\u00f3r, tijdens en n\u00e1 de UIT. Zo organiseren we spelletjes tijdens de Crewdag, waar alle vrijwilligers elkaar leren kennen, \u00e9n komen we na elke UIT-dag samen [&hellip;]<\/p>\n","protected":false},"author":10,"featured_media":0,"parent":290,"menu_order":0,"comment_status":"closed","ping_status":"closed","template":"","meta":{"_acf_changed":false,"footnotes":""},"class_list":["post-8425","page","type-page","status-publish","hentry"],"acf":[],"_links":{"self":[{"href":"https:\/\/utrechtseintroductietijd.nl\/en\/wp-json\/wp\/v2\/pages\/8425","targetHints":{"allow":["GET"]}}],"collection":[{"href":"https:\/\/utrechtseintroductietijd.nl\/en\/wp-json\/wp\/v2\/pages"}],"about":[{"href":"https:\/\/utrechtseintroductietijd.nl\/en\/wp-json\/wp\/v2\/types\/page"}],"author":[{"embeddable":true,"href":"https:\/\/utrechtseintroductietijd.nl\/en\/wp-json\/wp\/v2\/users\/10"}],"replies":[{"embeddable":true,"href":"https:\/\/utrechtseintroductietijd.nl\/en\/wp-json\/wp\/v2\/comments?post=8425"}],"version-history":[{"count":18,"href":"https:\/\/utrechtseintroductietijd.nl\/en\/wp-json\/wp\/v2\/pages\/8425\/revisions"}],"predecessor-version":[{"id":10911,"href":"https:\/\/utrechtseintroductietijd.nl\/en\/wp-json\/wp\/v2\/pages\/8425\/revisions\/10911"}],"up":[{"embeddable":true,"href":"https:\/\/utrechtseintroductietijd.nl\/en\/wp-json\/wp\/v2\/pages\/290"}],"wp:attachment":[{"href":"https:\/\/utrechtseintroductietijd.nl\/en\/wp-json\/wp\/v2\/media?parent=8425"}],"curies":[{"name":"wp","href":"https:\/\/api.w.org\/{rel}","templated":true}]}}